{"id":2327,"date":"2019-09-04T13:39:50","date_gmt":"2019-09-04T12:39:50","guid":{"rendered":"https:\/\/old.hopndown.com\/?page_id=2327"},"modified":"2022-03-18T09:36:45","modified_gmt":"2022-03-18T08:36:45","slug":"presentation-de-hop-n-down","status":"publish","type":"page","link":"https:\/\/old.hopndown.com\/es\/presentation-de-hop-n-down\/","title":{"rendered":"Pr\u00e9sentation de Hop &#038; Down&copy;Hop &#038; Down&copy; presentationDescubre Hop &#038; Down&copy;"},"content":{"rendered":"<p><img loading=\"lazy\" decoding=\"async\" class=\"alignright size-thumbnail wp-image-2378\" src=\"https:\/\/old.hopndown.com\/wp-content\/uploads\/2019\/09\/banniere-haute-newsletter-zanzibar-500x375.jpg\" alt=\"\" width=\"500\" height=\"375\" srcset=\"https:\/\/old.hopndown.com\/wp-content\/uploads\/2019\/09\/banniere-haute-newsletter-zanzibar-500x375.jpg 500w, https:\/\/old.hopndown.com\/wp-content\/uploads\/2019\/09\/banniere-haute-newsletter-zanzibar-600x450.jpg 600w, https:\/\/old.hopndown.com\/wp-content\/uploads\/2019\/09\/banniere-haute-newsletter-zanzibar-300x225.jpg 300w, https:\/\/old.hopndown.com\/wp-content\/uploads\/2019\/09\/banniere-haute-newsletter-zanzibar.jpg 640w\" sizes=\"(max-width: 500px) 100vw, 500px\" \/><a href=\"http:\/\/www.hopndown.fr\">Hop &amp; Down\u00a9<\/a> est une gamme compl\u00e8te de textiles personnalis\u00e9s (et personnalisables) con\u00e7ue, d\u00e9velopp\u00e9e et imprim\u00e9e en France avec amour par <strong><a href=\"https:\/\/www.zanzibar.fr\/\" target=\"_blank\" rel=\"noopener noreferrer\">Zanzibar Production<\/a><\/strong>.<\/p>\n<p>Depuis plus de 18 ans, l&#8217;\u00e9quipe de Zanzibar con\u00e7oit la <strong>cr\u00e9ation<\/strong> &amp; <strong>l\u2019impression <\/strong>des collections textiles personnalis\u00e9es de diff\u00e9rentes th\u00e9matiques du quotidien.<\/p>\n<p>Pour les gammes <a href=\"http:\/\/www.hopndown.fr\">Hop &amp; Down\u00a9<\/a>, c&#8217;est la localisation qui a \u00e9t\u00e9 choisie. Quelle que soit votre pratique sportive (ski, cyclisme, golf, voile&#8230;), ne soyez jamais perdu, vos v\u00eatements vous guident\u00a0!<\/p>\n<h2>Never lost, wear you go*<\/h2>\n<p>*jamais perdu, portez l\u00e0 o\u00f9 vous allez<\/p>\n<p><a href=\"http:\/\/www.hopndown.fr\"><img loading=\"lazy\" decoding=\"async\" class=\"alignright size-thumbnail wp-image-2378\" src=\"https:\/\/old.hopndown.com\/wp-content\/uploads\/2019\/09\/banniere-haute-newsletter-zanzibar-500x375.jpg\" alt=\"\" width=\"500\" height=\"375\" srcset=\"https:\/\/old.hopndown.com\/wp-content\/uploads\/2019\/09\/banniere-haute-newsletter-zanzibar-500x375.jpg 500w, https:\/\/old.hopndown.com\/wp-content\/uploads\/2019\/09\/banniere-haute-newsletter-zanzibar-600x450.jpg 600w, https:\/\/old.hopndown.com\/wp-content\/uploads\/2019\/09\/banniere-haute-newsletter-zanzibar-300x225.jpg 300w, https:\/\/old.hopndown.com\/wp-content\/uploads\/2019\/09\/banniere-haute-newsletter-zanzibar.jpg 640w\" sizes=\"(max-width: 500px) 100vw, 500px\" \/><\/a>Hop &amp; Down \u00a9 is a full range of personalized (and customizable) textiles designed, developed and printed in France with love by Zanzibar Production.<\/p>\n<p>For more than 18 years, the Zanzibar team has been designing and printing personalized textile collections of different everyday themes.<\/p>\n<p>For the Hop &amp; Down \u00a9 ranges, the location has been chosen. Whatever your sport (skiing, cycling, golf, sailing &#8230;), never get lost, your clothes will guide you!<\/p>\n<h2>Never lost, wear you go<\/h2>\n<h2>\u00a0<\/h2>\n<p><\/p>\n<p><a href=\"http:\/\/www.hopndown.fr\"><img loading=\"lazy\" decoding=\"async\" class=\"alignright size-thumbnail wp-image-2378\" src=\"https:\/\/old.hopndown.com\/wp-content\/uploads\/2019\/09\/banniere-haute-newsletter-zanzibar-500x375.jpg\" alt=\"\" width=\"500\" height=\"375\" srcset=\"https:\/\/old.hopndown.com\/wp-content\/uploads\/2019\/09\/banniere-haute-newsletter-zanzibar-500x375.jpg 500w, https:\/\/old.hopndown.com\/wp-content\/uploads\/2019\/09\/banniere-haute-newsletter-zanzibar-600x450.jpg 600w, https:\/\/old.hopndown.com\/wp-content\/uploads\/2019\/09\/banniere-haute-newsletter-zanzibar-300x225.jpg 300w, https:\/\/old.hopndown.com\/wp-content\/uploads\/2019\/09\/banniere-haute-newsletter-zanzibar.jpg 640w\" sizes=\"(max-width: 500px) 100vw, 500px\" \/><\/a>Hop &amp; Down \u00a9 es una gama completa de textiles personalizados (y personalizables) dise\u00f1ados, desarrollados e impresos en Francia con amor por Zanzibar Production.<\/p>\n<p>Durante m\u00e1s de 18 a\u00f1os, el equipo de Zanz\u00edbar ha estado dise\u00f1ando e imprimiendo colecciones textiles personalizadas de diferentes temas cotidianos.<\/p>\n<p>Para los rangos Hop &amp; Down \u00a9, se ha elegido la ubicaci\u00f3n. Sea cual sea su deporte (esqu\u00ed, ciclismo, golf, vela &#8230;), nunca se pierda, \u00a1su ropa lo guiar\u00e1!<\/p>\n<h2>Nunca perdido, te llevar\u00e1s *<\/h2>\n<p>* nunca perdido, usa donde vayas<\/p>\n<p><\/p>","protected":false},"excerpt":{"rendered":"<p>Hop &amp; Down\u00a9 est une gamme compl\u00e8te de textiles personnalis\u00e9s (et personnalisables) con\u00e7ue, d\u00e9velopp\u00e9e et imprim\u00e9e en France avec amour par Zanzibar Production. Depuis plus de 18 ans, l&#8217;\u00e9quipe de Zanzibar con\u00e7oit la cr\u00e9ation &amp; l\u2019impression des collections textiles personnalis\u00e9es [&hellip;]<\/p>\n","protected":false},"author":1,"featured_media":0,"parent":0,"menu_order":0,"comment_status":"closed","ping_status":"closed","template":"","meta":{"_acf_changed":false,"footnotes":""},"acf":[],"yoast_head":"<!-- This site is optimized with the Yoast SEO plugin v22.8 - https:\/\/yoast.com\/wordpress\/plugins\/seo\/ -->\n<title>Pr\u00e9sentation de Hop &amp; Down&copy;Hop &amp; Down&copy; presentationDescubre Hop &amp; Down&copy; - Hop &amp; Down\u00a9<\/title>\n<meta name=\"robots\" content=\"noindex, follow, max-snippet:-1, max-image-preview:large, max-video-preview:-1\" \/>\n<meta property=\"og:locale\" content=\"es_ES\" \/>\n<meta property=\"og:type\" content=\"article\" \/>\n<meta property=\"og:title\" content=\"Pr\u00e9sentation de Hop &amp; Down&copy;Hop &amp; Down&copy; presentationDescubre Hop &amp; Down&copy; - Hop &amp; Down\u00a9\" \/>\n<meta property=\"og:description\" content=\"Hop &amp; Down\u00a9 est une gamme compl\u00e8te de textiles personnalis\u00e9s (et personnalisables) con\u00e7ue, d\u00e9velopp\u00e9e et imprim\u00e9e en France avec amour par Zanzibar Production. Depuis plus de 18 ans, l&#8217;\u00e9quipe de Zanzibar con\u00e7oit la cr\u00e9ation &amp; l\u2019impression des collections textiles personnalis\u00e9es [&hellip;]\" \/>\n<meta property=\"og:url\" content=\"https:\/\/old.hopndown.com\/es\/presentation-de-hop-n-down\/\" \/>\n<meta property=\"og:site_name\" content=\"Hop &amp; Down\u00a9\" \/>\n<meta property=\"article:modified_time\" content=\"2022-03-18T08:36:45+00:00\" \/>\n<meta property=\"og:image\" content=\"https:\/\/old.hopndown.com\/wp-content\/uploads\/2019\/09\/banniere-haute-newsletter-zanzibar-500x375.jpg\" \/>\n<meta name=\"twitter:card\" content=\"summary_large_image\" \/>\n<meta name=\"twitter:label1\" content=\"Tiempo de lectura\" \/>\n\t<meta name=\"twitter:data1\" content=\"1 minuto\" \/>\n<script type=\"application\/ld+json\" class=\"yoast-schema-graph\">{\"@context\":\"https:\/\/schema.org\",\"@graph\":[{\"@type\":\"WebPage\",\"@id\":\"https:\/\/old.hopndown.com\/es\/presentation-de-hop-n-down\/\",\"url\":\"https:\/\/old.hopndown.com\/es\/presentation-de-hop-n-down\/\",\"name\":\"Pr\u00e9sentation de Hop & Down&copy;Hop & Down&copy; presentationDescubre Hop & Down&copy; - Hop &amp; Down\u00a9\",\"isPartOf\":{\"@id\":\"https:\/\/old.hopndown.com\/es\/#website\"},\"primaryImageOfPage\":{\"@id\":\"https:\/\/old.hopndown.com\/es\/presentation-de-hop-n-down\/#primaryimage\"},\"image\":{\"@id\":\"https:\/\/old.hopndown.com\/presentation-de-hop-n-down\/#primaryimage\"},\"thumbnailUrl\":\"https:\/\/old.hopndown.com\/wp-content\/uploads\/2019\/09\/banniere-haute-newsletter-zanzibar-500x375.jpg\",\"datePublished\":\"2019-09-04T12:39:50+00:00\",\"dateModified\":\"2022-03-18T08:36:45+00:00\",\"breadcrumb\":{\"@id\":\"https:\/\/old.hopndown.com\/es\/presentation-de-hop-n-down\/#breadcrumb\"},\"inLanguage\":\"es\",\"potentialAction\":[{\"@type\":\"ReadAction\",\"target\":[[\"https:\/\/old.hopndown.com\/es\/presentation-de-hop-n-down\/\"]]}]},{\"@type\":\"ImageObject\",\"inLanguage\":\"es\",\"@id\":\"https:\/\/old.hopndown.com\/es\/presentation-de-hop-n-down\/#primaryimage\",\"url\":\"https:\/\/old.hopndown.com\/wp-content\/uploads\/2019\/09\/banniere-haute-newsletter-zanzibar-500x375.jpg\",\"contentUrl\":\"https:\/\/old.hopndown.com\/wp-content\/uploads\/2019\/09\/banniere-haute-newsletter-zanzibar-500x375.jpg\"},{\"@type\":\"BreadcrumbList\",\"@id\":\"https:\/\/old.hopndown.com\/es\/presentation-de-hop-n-down\/#breadcrumb\",\"itemListElement\":[{\"@type\":\"ListItem\",\"position\":1,\"name\":\"Portada\",\"item\":\"https:\/\/old.hopndown.com\/es\/\"},{\"@type\":\"ListItem\",\"position\":2,\"name\":\"Pr\u00e9sentation de Hop &#038; Down&copy;\"}]},{\"@type\":\"WebSite\",\"@id\":\"https:\/\/old.hopndown.com\/es\/#website\",\"url\":\"https:\/\/old.hopndown.com\/es\/\",\"name\":\"Hop &amp; Down\u00a9\",\"description\":\"Never lost wear you go\",\"potentialAction\":[{\"@type\":\"SearchAction\",\"target\":{\"@type\":\"EntryPoint\",\"urlTemplate\":\"https:\/\/old.hopndown.com\/es\/?s={search_term_string}\"},\"query-input\":\"required name=search_term_string\"}],\"inLanguage\":\"es\"}]}<\/script>\n<!-- \/ Yoast SEO plugin. -->","yoast_head_json":{"title":"Pr\u00e9sentation de Hop & Down&copy;Hop & Down&copy; presentationDescubre Hop & Down&copy; - Hop &amp; Down\u00a9","robots":{"index":"noindex","follow":"follow","max-snippet":"max-snippet:-1","max-image-preview":"max-image-preview:large","max-video-preview":"max-video-preview:-1"},"og_locale":"es_ES","og_type":"article","og_title":"Pr\u00e9sentation de Hop & Down&copy;Hop & Down&copy; presentationDescubre Hop & Down&copy; - Hop &amp; Down\u00a9","og_description":"Hop &amp; Down\u00a9 est une gamme compl\u00e8te de textiles personnalis\u00e9s (et personnalisables) con\u00e7ue, d\u00e9velopp\u00e9e et imprim\u00e9e en France avec amour par Zanzibar Production. Depuis plus de 18 ans, l&#8217;\u00e9quipe de Zanzibar con\u00e7oit la cr\u00e9ation &amp; l\u2019impression des collections textiles personnalis\u00e9es [&hellip;]","og_url":"https:\/\/old.hopndown.com\/es\/presentation-de-hop-n-down\/","og_site_name":"Hop &amp; Down\u00a9","article_modified_time":"2022-03-18T08:36:45+00:00","og_image":[{"url":"https:\/\/old.hopndown.com\/wp-content\/uploads\/2019\/09\/banniere-haute-newsletter-zanzibar-500x375.jpg"}],"twitter_card":"summary_large_image","twitter_misc":{"Tiempo de lectura":"1 minuto"},"schema":{"@context":"https:\/\/schema.org","@graph":[{"@type":"WebPage","@id":"https:\/\/old.hopndown.com\/es\/presentation-de-hop-n-down\/","url":"https:\/\/old.hopndown.com\/es\/presentation-de-hop-n-down\/","name":"Pr\u00e9sentation de Hop & Down&copy;Hop & Down&copy; presentationDescubre Hop & Down&copy; - Hop &amp; Down\u00a9","isPartOf":{"@id":"https:\/\/old.hopndown.com\/es\/#website"},"primaryImageOfPage":{"@id":"https:\/\/old.hopndown.com\/es\/presentation-de-hop-n-down\/#primaryimage"},"image":{"@id":"https:\/\/old.hopndown.com\/presentation-de-hop-n-down\/#primaryimage"},"thumbnailUrl":"https:\/\/old.hopndown.com\/wp-content\/uploads\/2019\/09\/banniere-haute-newsletter-zanzibar-500x375.jpg","datePublished":"2019-09-04T12:39:50+00:00","dateModified":"2022-03-18T08:36:45+00:00","breadcrumb":{"@id":"https:\/\/old.hopndown.com\/es\/presentation-de-hop-n-down\/#breadcrumb"},"inLanguage":"es","potentialAction":[{"@type":"ReadAction","target":[["https:\/\/old.hopndown.com\/es\/presentation-de-hop-n-down\/"]]}]},{"@type":"ImageObject","inLanguage":"es","@id":"https:\/\/old.hopndown.com\/es\/presentation-de-hop-n-down\/#primaryimage","url":"https:\/\/old.hopndown.com\/wp-content\/uploads\/2019\/09\/banniere-haute-newsletter-zanzibar-500x375.jpg","contentUrl":"https:\/\/old.hopndown.com\/wp-content\/uploads\/2019\/09\/banniere-haute-newsletter-zanzibar-500x375.jpg"},{"@type":"BreadcrumbList","@id":"https:\/\/old.hopndown.com\/es\/presentation-de-hop-n-down\/#breadcrumb","itemListElement":[{"@type":"ListItem","position":1,"name":"Portada","item":"https:\/\/old.hopndown.com\/es\/"},{"@type":"ListItem","position":2,"name":"Pr\u00e9sentation de Hop &#038; Down&copy;"}]},{"@type":"WebSite","@id":"https:\/\/old.hopndown.com\/es\/#website","url":"https:\/\/old.hopndown.com\/es\/","name":"Hop &amp; Down\u00a9","description":"Never lost wear you go","potentialAction":[{"@type":"SearchAction","target":{"@type":"EntryPoint","urlTemplate":"https:\/\/old.hopndown.com\/es\/?s={search_term_string}"},"query-input":"required name=search_term_string"}],"inLanguage":"es"}]}},"jetpack_sharing_enabled":true,"_links":{"self":[{"href":"https:\/\/old.hopndown.com\/es\/wp-json\/wp\/v2\/pages\/2327"}],"collection":[{"href":"https:\/\/old.hopndown.com\/es\/wp-json\/wp\/v2\/pages"}],"about":[{"href":"https:\/\/old.hopndown.com\/es\/wp-json\/wp\/v2\/types\/page"}],"author":[{"embeddable":true,"href":"https:\/\/old.hopndown.com\/es\/wp-json\/wp\/v2\/users\/1"}],"replies":[{"embeddable":true,"href":"https:\/\/old.hopndown.com\/es\/wp-json\/wp\/v2\/comments?post=2327"}],"version-history":[{"count":13,"href":"https:\/\/old.hopndown.com\/es\/wp-json\/wp\/v2\/pages\/2327\/revisions"}],"predecessor-version":[{"id":3145,"href":"https:\/\/old.hopndown.com\/es\/wp-json\/wp\/v2\/pages\/2327\/revisions\/3145"}],"wp:attachment":[{"href":"https:\/\/old.hopndown.com\/es\/wp-json\/wp\/v2\/media?parent=2327"}],"curies":[{"name":"wp","href":"https:\/\/api.w.org\/{rel}","templated":true}]}}