{"id":2681,"date":"2020-06-02T11:12:45","date_gmt":"2020-06-02T10:12:45","guid":{"rendered":"https:\/\/old.hopndown.com\/?post_type=product&#038;p=2681"},"modified":"2024-06-01T21:10:25","modified_gmt":"2024-06-01T20:10:25","slug":"el-ripio-femme","status":"publish","type":"product","link":"https:\/\/old.hopndown.com\/en\/produit\/el-ripio-femme\/","title":{"rendered":"El Ripio\u00a9 Femme NoirEl Ripio\u00a9 Woman BlackEl Ripio\u00a9 Frau Schwartz"},"content":{"rendered":"<h2 style=\"text-align: center;\"><strong>Mod\u00e8le El Ripio\u00a9 <\/strong><strong>Second Skin<\/strong><\/h2>\n<hr \/>\n<p style=\"text-align: center;\">Mati\u00e8re origine UE et certifi\u00e9e OEKO-TEX\u00a9<br \/>\nrecycl\u00e9e \u00e0 partir de bouteilles plastiques.<\/p>\n<hr \/>\n<p><img loading=\"lazy\" decoding=\"async\" class=\"aligncenter size-full wp-image-2644\" src=\"https:\/\/old.hopndown.com\/wp-content\/uploads\/2020\/05\/logo-carretera-austral-approved.png\" alt=\"\" width=\"150\" height=\"146\" \/><\/p>\n<p><strong>Ni vu ni connu, El Ripio\u00a9 se porte sous notre pantalon habituel ou notre jupe pr\u00e9f\u00e9r\u00e9e, comme n&#8217;importe que underwear traditionnel.<\/strong><\/p>\n<p>Sa particularit\u00e9 ? Un montage &#8220;Second Skin System&#8221; (mod\u00e8le d\u00e9pos\u00e9) et sans couture sur les zones de frottements afin d&#8217;apporter tout le confort n\u00e9cessaire \u00e0 nos trajets du quotidien&#8230; et de l&#8217;oublier le reste de la journ\u00e9e !<\/p>\n<p>Con\u00e7u et confectionn\u00e9 en France <img loading=\"lazy\" decoding=\"async\" class=\"alignnone size-full wp-image-2631\" style=\"display: inline-block!important;\" src=\"https:\/\/old.hopndown.com\/wp-content\/uploads\/2020\/05\/drapeau-fr.jpg\" alt=\"\" width=\"24\" height=\"19\" \/><\/p>\n<p style=\"text-align: center;\"><a class=\"btn btn-default\" href=\"https:\/\/old.hopndown.com\/wp-content\/uploads\/2020\/05\/plaquette-presentation-el-ripio-light.pdf\" target=\"_blank\" rel=\"noopener noreferrer\">+ d&#8217;info sur El Ripio\u00a9<\/a><\/p>\n","protected":false},"excerpt":{"rendered":"<h2>D\u00e9couvrez El Ripio\u00a9, un boxer con\u00e7u pour rouler !<\/h2>\n<hr \/>\n<p>Un boxer \u00e9co-con\u00e7u sp\u00e9cialement d\u00e9velopp\u00e9 pour les cyclistes en qu\u00eate de confort dans leurs d\u00e9placements urbains et le reste de leur journ\u00e9e<\/p>\n<hr \/>\n","protected":false},"featured_media":2829,"template":"","meta":{"_acf_changed":false},"product_cat":[37,38],"product_tag":[],"acf":[],"yoast_head":"<!-- This site is optimized with the Yoast SEO plugin v22.8 - https:\/\/yoast.com\/wordpress\/plugins\/seo\/ -->\n<title>El Ripio\u00a9 Femme NoirEl Ripio\u00a9 Woman BlackEl Ripio\u00a9 Frau Schwartz - Hop &amp; Down\u00a9<\/title>\n<meta name=\"robots\" content=\"noindex, follow, max-snippet:-1, max-image-preview:large, max-video-preview:-1\" \/>\n<meta property=\"og:locale\" content=\"en_US\" \/>\n<meta property=\"og:type\" content=\"article\" \/>\n<meta property=\"og:title\" content=\"El Ripio\u00a9 Femme NoirEl Ripio\u00a9 Woman BlackEl Ripio\u00a9 Frau Schwartz - Hop &amp; Down\u00a9\" \/>\n<meta property=\"og:description\" content=\"D\u00e9couvrez El Ripio\u00a9, un boxer con\u00e7u pour rouler !  Un boxer \u00e9co-con\u00e7u sp\u00e9cialement d\u00e9velopp\u00e9 pour les cyclistes en qu\u00eate de confort dans leurs d\u00e9placements urbains et le reste de leur journ\u00e9e\" \/>\n<meta property=\"og:url\" content=\"https:\/\/old.hopndown.com\/en\/produit\/el-ripio-femme\/\" \/>\n<meta property=\"og:site_name\" content=\"Hop &amp; Down\u00a9\" \/>\n<meta property=\"article:modified_time\" content=\"2024-06-01T20:10:25+00:00\" \/>\n<meta property=\"og:image\" content=\"https:\/\/old.hopndown.com\/wp-content\/uploads\/2020\/06\/boxer-el-ripio-femme-devant-detoure.jpg\" \/>\n\t<meta property=\"og:image:width\" content=\"1000\" \/>\n\t<meta property=\"og:image:height\" content=\"1000\" \/>\n\t<meta property=\"og:image:type\" content=\"image\/jpeg\" \/>\n<meta name=\"twitter:card\" content=\"summary_large_image\" \/>\n<meta name=\"twitter:label1\" content=\"Est. reading time\" \/>\n\t<meta name=\"twitter:data1\" content=\"2 minutes\" \/>\n<script type=\"application\/ld+json\" class=\"yoast-schema-graph\">{\"@context\":\"https:\/\/schema.org\",\"@graph\":[{\"@type\":\"WebPage\",\"@id\":\"https:\/\/old.hopndown.com\/en\/produit\/el-ripio-femme\/\",\"url\":\"https:\/\/old.hopndown.com\/en\/produit\/el-ripio-femme\/\",\"name\":\"El Ripio\u00a9 Femme NoirEl Ripio\u00a9 Woman BlackEl Ripio\u00a9 Frau Schwartz - Hop &amp; Down\u00a9\",\"isPartOf\":{\"@id\":\"https:\/\/old.hopndown.com\/en\/#website\"},\"primaryImageOfPage\":{\"@id\":\"https:\/\/old.hopndown.com\/en\/produit\/el-ripio-femme\/#primaryimage\"},\"image\":{\"@id\":\"https:\/\/old.hopndown.com\/produit\/el-ripio-femme\/#primaryimage\"},\"thumbnailUrl\":\"https:\/\/old.hopndown.com\/wp-content\/uploads\/2020\/06\/boxer-el-ripio-femme-devant-detoure.jpg\",\"datePublished\":\"2020-06-02T10:12:45+00:00\",\"dateModified\":\"2024-06-01T20:10:25+00:00\",\"breadcrumb\":{\"@id\":\"https:\/\/old.hopndown.com\/en\/produit\/el-ripio-femme\/#breadcrumb\"},\"inLanguage\":\"en-US\",\"potentialAction\":[{\"@type\":\"ReadAction\",\"target\":[[\"https:\/\/old.hopndown.com\/en\/produit\/el-ripio-femme\/\"]]}]},{\"@type\":\"ImageObject\",\"inLanguage\":\"en-US\",\"@id\":\"https:\/\/old.hopndown.com\/en\/produit\/el-ripio-femme\/#primaryimage\",\"url\":\"https:\/\/old.hopndown.com\/wp-content\/uploads\/2020\/06\/boxer-el-ripio-femme-devant-detoure.jpg\",\"contentUrl\":\"https:\/\/old.hopndown.com\/wp-content\/uploads\/2020\/06\/boxer-el-ripio-femme-devant-detoure.jpg\",\"width\":1000,\"height\":1000},{\"@type\":\"BreadcrumbList\",\"@id\":\"https:\/\/old.hopndown.com\/en\/produit\/el-ripio-femme\/#breadcrumb\",\"itemListElement\":[{\"@type\":\"ListItem\",\"position\":1,\"name\":\"Home\",\"item\":\"https:\/\/old.hopndown.com\/en\/\"},{\"@type\":\"ListItem\",\"position\":2,\"name\":\"Boutique\",\"item\":\"https:\/\/old.hopndown.com\/en\/boutique\/\"},{\"@type\":\"ListItem\",\"position\":3,\"name\":\"El Ripio\u00a9 Femme Noir\"}]},{\"@type\":\"WebSite\",\"@id\":\"https:\/\/old.hopndown.com\/en\/#website\",\"url\":\"https:\/\/old.hopndown.com\/en\/\",\"name\":\"Hop &amp; Down\u00a9\",\"description\":\"Never lost wear you go\",\"potentialAction\":[{\"@type\":\"SearchAction\",\"target\":{\"@type\":\"EntryPoint\",\"urlTemplate\":\"https:\/\/old.hopndown.com\/en\/?s={search_term_string}\"},\"query-input\":\"required name=search_term_string\"}],\"inLanguage\":\"en-US\"}]}<\/script>\n<!-- \/ Yoast SEO plugin. -->","yoast_head_json":{"title":"El Ripio\u00a9 Femme NoirEl Ripio\u00a9 Woman BlackEl Ripio\u00a9 Frau Schwartz - Hop &amp; Down\u00a9","robots":{"index":"noindex","follow":"follow","max-snippet":"max-snippet:-1","max-image-preview":"max-image-preview:large","max-video-preview":"max-video-preview:-1"},"og_locale":"en_US","og_type":"article","og_title":"El Ripio\u00a9 Femme NoirEl Ripio\u00a9 Woman BlackEl Ripio\u00a9 Frau Schwartz - Hop &amp; Down\u00a9","og_description":"D\u00e9couvrez El Ripio\u00a9, un boxer con\u00e7u pour rouler !  Un boxer \u00e9co-con\u00e7u sp\u00e9cialement d\u00e9velopp\u00e9 pour les cyclistes en qu\u00eate de confort dans leurs d\u00e9placements urbains et le reste de leur journ\u00e9e","og_url":"https:\/\/old.hopndown.com\/en\/produit\/el-ripio-femme\/","og_site_name":"Hop &amp; Down\u00a9","article_modified_time":"2024-06-01T20:10:25+00:00","og_image":[{"width":1000,"height":1000,"url":"https:\/\/old.hopndown.com\/wp-content\/uploads\/2020\/06\/boxer-el-ripio-femme-devant-detoure.jpg","type":"image\/jpeg"}],"twitter_card":"summary_large_image","twitter_misc":{"Est. reading time":"2 minutes"},"schema":{"@context":"https:\/\/schema.org","@graph":[{"@type":"WebPage","@id":"https:\/\/old.hopndown.com\/en\/produit\/el-ripio-femme\/","url":"https:\/\/old.hopndown.com\/en\/produit\/el-ripio-femme\/","name":"El Ripio\u00a9 Femme NoirEl Ripio\u00a9 Woman BlackEl Ripio\u00a9 Frau Schwartz - Hop &amp; Down\u00a9","isPartOf":{"@id":"https:\/\/old.hopndown.com\/en\/#website"},"primaryImageOfPage":{"@id":"https:\/\/old.hopndown.com\/en\/produit\/el-ripio-femme\/#primaryimage"},"image":{"@id":"https:\/\/old.hopndown.com\/produit\/el-ripio-femme\/#primaryimage"},"thumbnailUrl":"https:\/\/old.hopndown.com\/wp-content\/uploads\/2020\/06\/boxer-el-ripio-femme-devant-detoure.jpg","datePublished":"2020-06-02T10:12:45+00:00","dateModified":"2024-06-01T20:10:25+00:00","breadcrumb":{"@id":"https:\/\/old.hopndown.com\/en\/produit\/el-ripio-femme\/#breadcrumb"},"inLanguage":"en-US","potentialAction":[{"@type":"ReadAction","target":[["https:\/\/old.hopndown.com\/en\/produit\/el-ripio-femme\/"]]}]},{"@type":"ImageObject","inLanguage":"en-US","@id":"https:\/\/old.hopndown.com\/en\/produit\/el-ripio-femme\/#primaryimage","url":"https:\/\/old.hopndown.com\/wp-content\/uploads\/2020\/06\/boxer-el-ripio-femme-devant-detoure.jpg","contentUrl":"https:\/\/old.hopndown.com\/wp-content\/uploads\/2020\/06\/boxer-el-ripio-femme-devant-detoure.jpg","width":1000,"height":1000},{"@type":"BreadcrumbList","@id":"https:\/\/old.hopndown.com\/en\/produit\/el-ripio-femme\/#breadcrumb","itemListElement":[{"@type":"ListItem","position":1,"name":"Home","item":"https:\/\/old.hopndown.com\/en\/"},{"@type":"ListItem","position":2,"name":"Boutique","item":"https:\/\/old.hopndown.com\/en\/boutique\/"},{"@type":"ListItem","position":3,"name":"El Ripio\u00a9 Femme Noir"}]},{"@type":"WebSite","@id":"https:\/\/old.hopndown.com\/en\/#website","url":"https:\/\/old.hopndown.com\/en\/","name":"Hop &amp; Down\u00a9","description":"Never lost wear you go","potentialAction":[{"@type":"SearchAction","target":{"@type":"EntryPoint","urlTemplate":"https:\/\/old.hopndown.com\/en\/?s={search_term_string}"},"query-input":"required name=search_term_string"}],"inLanguage":"en-US"}]}},"jetpack_sharing_enabled":true,"_links":{"self":[{"href":"https:\/\/old.hopndown.com\/en\/wp-json\/wp\/v2\/product\/2681"}],"collection":[{"href":"https:\/\/old.hopndown.com\/en\/wp-json\/wp\/v2\/product"}],"about":[{"href":"https:\/\/old.hopndown.com\/en\/wp-json\/wp\/v2\/types\/product"}],"wp:featuredmedia":[{"embeddable":true,"href":"https:\/\/old.hopndown.com\/en\/wp-json\/wp\/v2\/media\/2829"}],"wp:attachment":[{"href":"https:\/\/old.hopndown.com\/en\/wp-json\/wp\/v2\/media?parent=2681"}],"wp:term":[{"taxonomy":"product_cat","embeddable":true,"href":"https:\/\/old.hopndown.com\/en\/wp-json\/wp\/v2\/product_cat?post=2681"},{"taxonomy":"product_tag","embeddable":true,"href":"https:\/\/old.hopndown.com\/en\/wp-json\/wp\/v2\/product_tag?post=2681"}],"curies":[{"name":"wp","href":"https:\/\/api.w.org\/{rel}","templated":true}]}}