{"id":2804,"date":"2021-03-11T12:25:25","date_gmt":"2021-03-11T11:25:25","guid":{"rendered":"https:\/\/old.hopndown.com\/?page_id=2804"},"modified":"2021-03-11T12:29:21","modified_gmt":"2021-03-11T11:29:21","slug":"urban-configuration","status":"publish","type":"page","link":"https:\/\/old.hopndown.com\/de\/urban-configuration\/","title":{"rendered":"Urban ConfigurationUrbaUrba"},"content":{"rendered":"<\/p>\n<p>&nbsp;<\/p>\n<h2 style=\"text-align: center;\">Nouvelle plateforme de configuration pour votre collection Urban !<\/h2>\n<p style=\"text-align: center;\">D\u00e9couvrez la toute nouvelle plateforme de personnalisation des produits Hop&amp;Down collection Urban. <br \/>\nChoisissez simplement l&#8217;adresse de centralisation de votre plan urbain puis g\u00e9n\u00e9rez directement toute votre gamme de produits personnalis\u00e9s.<\/p>\n<p><a href=\"http:\/\/dev.zanzibar.green-room.fr\/collection\/3\/my-map\" target=\"_blank\" rel=\"noopener\"><img loading=\"lazy\" decoding=\"async\" class=\"aligncenter wp-image-2441\" src=\"https:\/\/old.hopndown.com\/wp-content\/uploads\/2019\/09\/montage-hop-n-down-urban-2-500x375.jpg\" alt=\"\" width=\"400\" height=\"300\" srcset=\"https:\/\/old.hopndown.com\/wp-content\/uploads\/2019\/09\/montage-hop-n-down-urban-2-500x375.jpg 500w, https:\/\/old.hopndown.com\/wp-content\/uploads\/2019\/09\/montage-hop-n-down-urban-2-600x450.jpg 600w, https:\/\/old.hopndown.com\/wp-content\/uploads\/2019\/09\/montage-hop-n-down-urban-2-750x563.jpg 750w, https:\/\/old.hopndown.com\/wp-content\/uploads\/2019\/09\/montage-hop-n-down-urban-2-300x225.jpg 300w, https:\/\/old.hopndown.com\/wp-content\/uploads\/2019\/09\/montage-hop-n-down-urban-2.jpg 1024w\" sizes=\"(max-width: 400px) 100vw, 400px\" \/><\/a><\/p>\n<p style=\"text-align: center;\"><a class=\"btn btn-default\" href=\"http:\/\/dev.zanzibar.green-room.fr\/collection\/3\/my-map\" target=\"_blank\" rel=\"noopener\">Commencer la personnalisation<\/a><\/p>\n<p style=\"text-align: center;\"><a href=\"https:\/\/old.hopndown.com\/les-gammes-hop-n-down\/urban\/\">Retour \u00e0 la gamme Urban<\/a><\/p>\n<p>&nbsp;<\/p>\n<\/p>\n<p>&nbsp;<\/p>\n<\/p>\n<p><\/p>\n<p>&nbsp;<\/p>\n<\/p>\n<p><\/p>","protected":false},"excerpt":{"rendered":"<p>&nbsp; Nouvelle plateforme de configuration pour votre collection Urban ! D\u00e9couvrez la toute nouvelle plateforme de personnalisation des produits Hop&amp;Down collection Urban. Choisissez simplement l&#8217;adresse de centralisation de votre plan urbain puis g\u00e9n\u00e9rez directement toute votre gamme de produits personnalis\u00e9s. [&hellip;]<\/p>\n","protected":false},"author":1,"featured_media":2611,"parent":0,"menu_order":0,"comment_status":"closed","ping_status":"closed","template":"","meta":{"_acf_changed":false,"footnotes":""},"acf":[],"yoast_head":"<!-- This site is optimized with the Yoast SEO plugin v22.8 - https:\/\/yoast.com\/wordpress\/plugins\/seo\/ -->\n<title>Urban ConfigurationUrbaUrba - Hop &amp; Down\u00a9<\/title>\n<meta name=\"robots\" content=\"noindex, follow, max-snippet:-1, max-image-preview:large, max-video-preview:-1\" \/>\n<meta property=\"og:locale\" content=\"de_DE\" \/>\n<meta property=\"og:type\" content=\"article\" \/>\n<meta property=\"og:title\" content=\"Urban ConfigurationUrbaUrba - Hop &amp; Down\u00a9\" \/>\n<meta property=\"og:description\" content=\"&nbsp; Nouvelle plateforme de configuration pour votre collection Urban ! D\u00e9couvrez la toute nouvelle plateforme de personnalisation des produits Hop&amp;Down collection Urban. Choisissez simplement l&#8217;adresse de centralisation de votre plan urbain puis g\u00e9n\u00e9rez directement toute votre gamme de produits personnalis\u00e9s. [&hellip;]\" \/>\n<meta property=\"og:url\" content=\"https:\/\/old.hopndown.com\/de\/urban-configuration\/\" \/>\n<meta property=\"og:site_name\" content=\"Hop &amp; Down\u00a9\" \/>\n<meta property=\"article:modified_time\" content=\"2021-03-11T11:29:21+00:00\" \/>\n<meta property=\"og:image\" content=\"https:\/\/old.hopndown.com\/wp-content\/uploads\/2020\/05\/etiquette-urban.jpg\" \/>\n\t<meta property=\"og:image:width\" content=\"585\" \/>\n\t<meta property=\"og:image:height\" content=\"873\" \/>\n\t<meta property=\"og:image:type\" content=\"image\/jpeg\" \/>\n<meta name=\"twitter:card\" content=\"summary_large_image\" \/>\n<script type=\"application\/ld+json\" class=\"yoast-schema-graph\">{\"@context\":\"https:\/\/schema.org\",\"@graph\":[{\"@type\":\"WebPage\",\"@id\":\"https:\/\/old.hopndown.com\/de\/urban-configuration\/\",\"url\":\"https:\/\/old.hopndown.com\/de\/urban-configuration\/\",\"name\":\"Urban ConfigurationUrbaUrba - Hop &amp; Down\u00a9\",\"isPartOf\":{\"@id\":\"https:\/\/old.hopndown.com\/de\/#website\"},\"primaryImageOfPage\":{\"@id\":\"https:\/\/old.hopndown.com\/de\/urban-configuration\/#primaryimage\"},\"image\":{\"@id\":\"https:\/\/old.hopndown.com\/en\/urban-configuration\/#primaryimage\"},\"thumbnailUrl\":\"https:\/\/old.hopndown.com\/wp-content\/uploads\/2020\/05\/etiquette-urban.jpg\",\"datePublished\":\"2021-03-11T11:25:25+00:00\",\"dateModified\":\"2021-03-11T11:29:21+00:00\",\"breadcrumb\":{\"@id\":\"https:\/\/old.hopndown.com\/de\/urban-configuration\/#breadcrumb\"},\"inLanguage\":\"de-DE\",\"potentialAction\":[{\"@type\":\"ReadAction\",\"target\":[[\"https:\/\/old.hopndown.com\/de\/urban-configuration\/\"]]}]},{\"@type\":\"ImageObject\",\"inLanguage\":\"de-DE\",\"@id\":\"https:\/\/old.hopndown.com\/de\/urban-configuration\/#primaryimage\",\"url\":\"https:\/\/old.hopndown.com\/wp-content\/uploads\/2020\/05\/etiquette-urban.jpg\",\"contentUrl\":\"https:\/\/old.hopndown.com\/wp-content\/uploads\/2020\/05\/etiquette-urban.jpg\",\"width\":585,\"height\":873},{\"@type\":\"BreadcrumbList\",\"@id\":\"https:\/\/old.hopndown.com\/de\/urban-configuration\/#breadcrumb\",\"itemListElement\":[{\"@type\":\"ListItem\",\"position\":1,\"name\":\"Startseite\",\"item\":\"https:\/\/old.hopndown.com\/de\/\"},{\"@type\":\"ListItem\",\"position\":2,\"name\":\"Urba\"}]},{\"@type\":\"WebSite\",\"@id\":\"https:\/\/old.hopndown.com\/de\/#website\",\"url\":\"https:\/\/old.hopndown.com\/de\/\",\"name\":\"Hop &amp; Down\u00a9\",\"description\":\"Never lost wear you go\",\"potentialAction\":[{\"@type\":\"SearchAction\",\"target\":{\"@type\":\"EntryPoint\",\"urlTemplate\":\"https:\/\/old.hopndown.com\/de\/?s={search_term_string}\"},\"query-input\":\"required name=search_term_string\"}],\"inLanguage\":\"de-DE\"}]}<\/script>\n<!-- \/ Yoast SEO plugin. -->","yoast_head_json":{"title":"Urban ConfigurationUrbaUrba - Hop &amp; Down\u00a9","robots":{"index":"noindex","follow":"follow","max-snippet":"max-snippet:-1","max-image-preview":"max-image-preview:large","max-video-preview":"max-video-preview:-1"},"og_locale":"de_DE","og_type":"article","og_title":"Urban ConfigurationUrbaUrba - Hop &amp; Down\u00a9","og_description":"&nbsp; Nouvelle plateforme de configuration pour votre collection Urban ! D\u00e9couvrez la toute nouvelle plateforme de personnalisation des produits Hop&amp;Down collection Urban. Choisissez simplement l&#8217;adresse de centralisation de votre plan urbain puis g\u00e9n\u00e9rez directement toute votre gamme de produits personnalis\u00e9s. [&hellip;]","og_url":"https:\/\/old.hopndown.com\/de\/urban-configuration\/","og_site_name":"Hop &amp; Down\u00a9","article_modified_time":"2021-03-11T11:29:21+00:00","og_image":[{"width":585,"height":873,"url":"https:\/\/old.hopndown.com\/wp-content\/uploads\/2020\/05\/etiquette-urban.jpg","type":"image\/jpeg"}],"twitter_card":"summary_large_image","schema":{"@context":"https:\/\/schema.org","@graph":[{"@type":"WebPage","@id":"https:\/\/old.hopndown.com\/de\/urban-configuration\/","url":"https:\/\/old.hopndown.com\/de\/urban-configuration\/","name":"Urban ConfigurationUrbaUrba - Hop &amp; Down\u00a9","isPartOf":{"@id":"https:\/\/old.hopndown.com\/de\/#website"},"primaryImageOfPage":{"@id":"https:\/\/old.hopndown.com\/de\/urban-configuration\/#primaryimage"},"image":{"@id":"https:\/\/old.hopndown.com\/en\/urban-configuration\/#primaryimage"},"thumbnailUrl":"https:\/\/old.hopndown.com\/wp-content\/uploads\/2020\/05\/etiquette-urban.jpg","datePublished":"2021-03-11T11:25:25+00:00","dateModified":"2021-03-11T11:29:21+00:00","breadcrumb":{"@id":"https:\/\/old.hopndown.com\/de\/urban-configuration\/#breadcrumb"},"inLanguage":"de-DE","potentialAction":[{"@type":"ReadAction","target":[["https:\/\/old.hopndown.com\/de\/urban-configuration\/"]]}]},{"@type":"ImageObject","inLanguage":"de-DE","@id":"https:\/\/old.hopndown.com\/de\/urban-configuration\/#primaryimage","url":"https:\/\/old.hopndown.com\/wp-content\/uploads\/2020\/05\/etiquette-urban.jpg","contentUrl":"https:\/\/old.hopndown.com\/wp-content\/uploads\/2020\/05\/etiquette-urban.jpg","width":585,"height":873},{"@type":"BreadcrumbList","@id":"https:\/\/old.hopndown.com\/de\/urban-configuration\/#breadcrumb","itemListElement":[{"@type":"ListItem","position":1,"name":"Startseite","item":"https:\/\/old.hopndown.com\/de\/"},{"@type":"ListItem","position":2,"name":"Urba"}]},{"@type":"WebSite","@id":"https:\/\/old.hopndown.com\/de\/#website","url":"https:\/\/old.hopndown.com\/de\/","name":"Hop &amp; Down\u00a9","description":"Never lost wear you go","potentialAction":[{"@type":"SearchAction","target":{"@type":"EntryPoint","urlTemplate":"https:\/\/old.hopndown.com\/de\/?s={search_term_string}"},"query-input":"required name=search_term_string"}],"inLanguage":"de-DE"}]}},"jetpack_sharing_enabled":true,"_links":{"self":[{"href":"https:\/\/old.hopndown.com\/de\/wp-json\/wp\/v2\/pages\/2804"}],"collection":[{"href":"https:\/\/old.hopndown.com\/de\/wp-json\/wp\/v2\/pages"}],"about":[{"href":"https:\/\/old.hopndown.com\/de\/wp-json\/wp\/v2\/types\/page"}],"author":[{"embeddable":true,"href":"https:\/\/old.hopndown.com\/de\/wp-json\/wp\/v2\/users\/1"}],"replies":[{"embeddable":true,"href":"https:\/\/old.hopndown.com\/de\/wp-json\/wp\/v2\/comments?post=2804"}],"version-history":[{"count":6,"href":"https:\/\/old.hopndown.com\/de\/wp-json\/wp\/v2\/pages\/2804\/revisions"}],"predecessor-version":[{"id":2811,"href":"https:\/\/old.hopndown.com\/de\/wp-json\/wp\/v2\/pages\/2804\/revisions\/2811"}],"wp:featuredmedia":[{"embeddable":true,"href":"https:\/\/old.hopndown.com\/de\/wp-json\/wp\/v2\/media\/2611"}],"wp:attachment":[{"href":"https:\/\/old.hopndown.com\/de\/wp-json\/wp\/v2\/media?parent=2804"}],"curies":[{"name":"wp","href":"https:\/\/api.w.org\/{rel}","templated":true}]}}