{"id":13,"date":"2015-04-30T15:03:45","date_gmt":"2015-04-30T14:03:45","guid":{"rendered":"https:\/\/old.hopndown.com\/?page_id=13"},"modified":"2020-01-26T21:07:09","modified_gmt":"2020-01-26T20:07:09","slug":"plan-du-site","status":"publish","type":"page","link":"https:\/\/old.hopndown.com\/de\/plan-du-site\/","title":{"rendered":"Plan du siteSitemapSitemap"},"content":{"rendered":"<p>Cette page vous pr\u00e9sente le plan de ce site Internet. Vous pouvez trouver, ci-dessous, la liste de toutes les pages indispensables pour naviguer convenablement.<\/p>\n<h2>Pages internes<\/h2>\n\n<!-- Page-list plugin v.5.6 wordpress.org\/plugins\/page-list\/ -->\n<ul class=\"page-list \">\n<li class=\"page_item page-item-11\"><a href=\"https:\/\/old.hopndown.com\/de\/\">AccueilHomeZuhause<\/a><\/li>\n<li class=\"page_item page-item-2650\"><a href=\"https:\/\/old.hopndown.com\/de\/boutique\/\">Boutique<\/a><\/li>\n<li class=\"page_item page-item-4507\"><a href=\"https:\/\/old.hopndown.com\/de\/pro-montagne-2024\/\">Catalogue Montagne 2024-2025<\/a><\/li>\n<li class=\"page_item page-item-4528\"><a href=\"https:\/\/old.hopndown.com\/de\/catalogue-paris-2024\/\">Catalogue Paris 2024<\/a><\/li>\n<li class=\"page_item page-item-4527\"><a href=\"https:\/\/old.hopndown.com\/de\/catalogue-phares-2024\/\">Catalogue Phares 2024<\/a><\/li>\n<li class=\"page_item page-item-15\"><a href=\"https:\/\/old.hopndown.com\/de\/contact\/\">ContactContactKontakt<\/a><\/li>\n<li class=\"page_item page-item-2329\"><a href=\"https:\/\/old.hopndown.com\/de\/devenez-distributeur\/\">Devenez distributeurBecome a distributorH\u00e4ndler werden<\/a><\/li>\n<li class=\"page_item page-item-3675\"><a href=\"https:\/\/old.hopndown.com\/de\/nosengagements\/\">#3675 (kein Titel)<\/a><\/li>\n<li class=\"page_item page-item-2311 page_item_has_children\"><a href=\"https:\/\/old.hopndown.com\/de\/les-gammes-hop-n-down\/\">Les gammes Hop &#038; Down&copy;The Hop &#038; Down&copy; rangesDie Hop &#038; Down&copy;-Bereiche<\/a>\n<ul class='children'>\n\t<li class=\"page_item page-item-2319\"><a href=\"https:\/\/old.hopndown.com\/de\/les-gammes-hop-n-down\/golf\/\">Golf<\/a><\/li>\n\t<li class=\"page_item page-item-2315\"><a href=\"https:\/\/old.hopndown.com\/de\/les-gammes-hop-n-down\/montagne\/\">MontagneMountainBerg<\/a><\/li>\n\t<li class=\"page_item page-item-2313\"><a href=\"https:\/\/old.hopndown.com\/de\/les-gammes-hop-n-down\/ocean\/\">Oc\u00e9anOceanOzean<\/a><\/li>\n\t<li class=\"page_item page-item-2348\"><a href=\"https:\/\/old.hopndown.com\/de\/les-gammes-hop-n-down\/phares\/\">PharesLighthousesLeuchtt\u00fcrme<\/a><\/li>\n\t<li class=\"page_item page-item-2317\"><a href=\"https:\/\/old.hopndown.com\/de\/les-gammes-hop-n-down\/urban\/\">Urban<\/a><\/li>\n<\/ul>\n<\/li>\n<li class=\"page_item page-item-3072\"><a href=\"https:\/\/old.hopndown.com\/de\/les-jeux-concours-hopdown\/\">#3072 (kein Titel)<\/a><\/li>\n<li class=\"page_item page-item-4503\"><a href=\"https:\/\/old.hopndown.com\/de\/spots\/\">Les spots<\/a><\/li>\n<li class=\"page_item page-item-28\"><a href=\"https:\/\/old.hopndown.com\/de\/mentions-legales\/\">Mentions l\u00e9galesTermsRechtliche Hinweise<\/a><\/li>\n<li class=\"page_item page-item-2653\"><a href=\"https:\/\/old.hopndown.com\/de\/mon-compte\/\">Mon compte<\/a><\/li>\n<li class=\"page_item page-item-4311 page_item_has_children\"><a href=\"https:\/\/old.hopndown.com\/de\/montagne\/\">Montagne<\/a>\n<ul class='children'>\n\t<li class=\"page_item page-item-4288\"><a href=\"https:\/\/old.hopndown.com\/de\/montagne\/revendeurs\/\">#4288 (kein Titel)<\/a><\/li>\n<\/ul>\n<\/li>\n<li class=\"page_item page-item-2651\"><a href=\"https:\/\/old.hopndown.com\/de\/panier\/\">Panier<\/a><\/li>\n<li class=\"page_item page-item-2390\"><a href=\"https:\/\/old.hopndown.com\/de\/personnalisez-votre-textile-urban\/\">Personnalisez votre textile Urban<\/a><\/li>\n<li class=\"page_item page-item-3819\"><a href=\"https:\/\/old.hopndown.com\/de\/pro-phares-2023\/\">Phares 2023<\/a><\/li>\n<li class=\"page_item page-item-13\"><a href=\"https:\/\/old.hopndown.com\/de\/plan-du-site\/\">Plan du siteSitemapSitemap<\/a><\/li>\n<li class=\"page_item page-item-2327\"><a href=\"https:\/\/old.hopndown.com\/de\/presentation-de-hop-n-down\/\">Pr\u00e9sentation de Hop &#038; Down&copy;Hop &#038; Down&copy; presentationEntdecken Sie Hop &#038; Down&copy;<\/a><\/li>\n<li class=\"page_item page-item-2499\"><a href=\"https:\/\/old.hopndown.com\/de\/pro\/\">Pro<\/a><\/li>\n<li class=\"page_item page-item-3790\"><a href=\"https:\/\/old.hopndown.com\/de\/pro-montagne-2023\/\">Pro Montagne 2023<\/a><\/li>\n<li class=\"page_item page-item-3775\"><a href=\"https:\/\/old.hopndown.com\/de\/meuh\/\">Transforme ton portable en boite a meuh !<\/a><\/li>\n<li class=\"page_item page-item-2804\"><a href=\"https:\/\/old.hopndown.com\/de\/urban-configuration\/\">Urban ConfigurationUrbaUrba<\/a><\/li>\n<li class=\"page_item page-item-2652\"><a href=\"https:\/\/old.hopndown.com\/de\/commande\/\">Validation de la commande<\/a><\/li>\n\n<\/ul>\n<p>This page presents the map of this website. You can find, below, the list of all the pages necessary to navigate properly.<\/p>\n\n<!-- Page-list plugin v.5.6 wordpress.org\/plugins\/page-list\/ -->\n<ul class=\"page-list \">\n<li class=\"page_item page-item-11\"><a href=\"https:\/\/old.hopndown.com\/de\/\">AccueilHomeZuhause<\/a><\/li>\n<li class=\"page_item page-item-2650\"><a href=\"https:\/\/old.hopndown.com\/de\/boutique\/\">Boutique<\/a><\/li>\n<li class=\"page_item page-item-4507\"><a href=\"https:\/\/old.hopndown.com\/de\/pro-montagne-2024\/\">Catalogue Montagne 2024-2025<\/a><\/li>\n<li class=\"page_item page-item-4528\"><a href=\"https:\/\/old.hopndown.com\/de\/catalogue-paris-2024\/\">Catalogue Paris 2024<\/a><\/li>\n<li class=\"page_item page-item-4527\"><a href=\"https:\/\/old.hopndown.com\/de\/catalogue-phares-2024\/\">Catalogue Phares 2024<\/a><\/li>\n<li class=\"page_item page-item-15\"><a href=\"https:\/\/old.hopndown.com\/de\/contact\/\">ContactContactKontakt<\/a><\/li>\n<li class=\"page_item page-item-2329\"><a href=\"https:\/\/old.hopndown.com\/de\/devenez-distributeur\/\">Devenez distributeurBecome a distributorH\u00e4ndler werden<\/a><\/li>\n<li class=\"page_item page-item-3675\"><a href=\"https:\/\/old.hopndown.com\/de\/nosengagements\/\">#3675 (kein Titel)<\/a><\/li>\n<li class=\"page_item page-item-2311 page_item_has_children\"><a href=\"https:\/\/old.hopndown.com\/de\/les-gammes-hop-n-down\/\">Les gammes Hop &#038; Down&copy;The Hop &#038; Down&copy; rangesDie Hop &#038; Down&copy;-Bereiche<\/a>\n<ul class='children'>\n\t<li class=\"page_item page-item-2319\"><a href=\"https:\/\/old.hopndown.com\/de\/les-gammes-hop-n-down\/golf\/\">Golf<\/a><\/li>\n\t<li class=\"page_item page-item-2315\"><a href=\"https:\/\/old.hopndown.com\/de\/les-gammes-hop-n-down\/montagne\/\">MontagneMountainBerg<\/a><\/li>\n\t<li class=\"page_item page-item-2313\"><a href=\"https:\/\/old.hopndown.com\/de\/les-gammes-hop-n-down\/ocean\/\">Oc\u00e9anOceanOzean<\/a><\/li>\n\t<li class=\"page_item page-item-2348\"><a href=\"https:\/\/old.hopndown.com\/de\/les-gammes-hop-n-down\/phares\/\">PharesLighthousesLeuchtt\u00fcrme<\/a><\/li>\n\t<li class=\"page_item page-item-2317\"><a href=\"https:\/\/old.hopndown.com\/de\/les-gammes-hop-n-down\/urban\/\">Urban<\/a><\/li>\n<\/ul>\n<\/li>\n<li class=\"page_item page-item-3072\"><a href=\"https:\/\/old.hopndown.com\/de\/les-jeux-concours-hopdown\/\">#3072 (kein Titel)<\/a><\/li>\n<li class=\"page_item page-item-4503\"><a href=\"https:\/\/old.hopndown.com\/de\/spots\/\">Les spots<\/a><\/li>\n<li class=\"page_item page-item-28\"><a href=\"https:\/\/old.hopndown.com\/de\/mentions-legales\/\">Mentions l\u00e9galesTermsRechtliche Hinweise<\/a><\/li>\n<li class=\"page_item page-item-2653\"><a href=\"https:\/\/old.hopndown.com\/de\/mon-compte\/\">Mon compte<\/a><\/li>\n<li class=\"page_item page-item-4311 page_item_has_children\"><a href=\"https:\/\/old.hopndown.com\/de\/montagne\/\">Montagne<\/a>\n<ul class='children'>\n\t<li class=\"page_item page-item-4288\"><a href=\"https:\/\/old.hopndown.com\/de\/montagne\/revendeurs\/\">#4288 (kein Titel)<\/a><\/li>\n<\/ul>\n<\/li>\n<li class=\"page_item page-item-2651\"><a href=\"https:\/\/old.hopndown.com\/de\/panier\/\">Panier<\/a><\/li>\n<li class=\"page_item page-item-2390\"><a href=\"https:\/\/old.hopndown.com\/de\/personnalisez-votre-textile-urban\/\">Personnalisez votre textile Urban<\/a><\/li>\n<li class=\"page_item page-item-3819\"><a href=\"https:\/\/old.hopndown.com\/de\/pro-phares-2023\/\">Phares 2023<\/a><\/li>\n<li class=\"page_item page-item-13\"><a href=\"https:\/\/old.hopndown.com\/de\/plan-du-site\/\">Plan du siteSitemapSitemap<\/a><\/li>\n<li class=\"page_item page-item-2327\"><a href=\"https:\/\/old.hopndown.com\/de\/presentation-de-hop-n-down\/\">Pr\u00e9sentation de Hop &#038; Down&copy;Hop &#038; Down&copy; presentationEntdecken Sie Hop &#038; Down&copy;<\/a><\/li>\n<li class=\"page_item page-item-2499\"><a href=\"https:\/\/old.hopndown.com\/de\/pro\/\">Pro<\/a><\/li>\n<li class=\"page_item page-item-3790\"><a href=\"https:\/\/old.hopndown.com\/de\/pro-montagne-2023\/\">Pro Montagne 2023<\/a><\/li>\n<li class=\"page_item page-item-3775\"><a href=\"https:\/\/old.hopndown.com\/de\/meuh\/\">Transforme ton portable en boite a meuh !<\/a><\/li>\n<li class=\"page_item page-item-2804\"><a href=\"https:\/\/old.hopndown.com\/de\/urban-configuration\/\">Urban ConfigurationUrbaUrba<\/a><\/li>\n<li class=\"page_item page-item-2652\"><a href=\"https:\/\/old.hopndown.com\/de\/commande\/\">Validation de la commande<\/a><\/li>\n\n<\/ul>\n<p><\/p>\n<p>Diese Seite pr\u00e4sentiert die Karte dieser Website. Unten finden Sie eine Liste aller Seiten, die f\u00fcr eine ordnungsgem\u00e4\u00dfe Navigation erforderlich sind.<\/p>\n\n<!-- Page-list plugin v.5.6 wordpress.org\/plugins\/page-list\/ -->\n<ul class=\"page-list \">\n<li class=\"page_item page-item-11\"><a href=\"https:\/\/old.hopndown.com\/de\/\">AccueilHomeZuhause<\/a><\/li>\n<li class=\"page_item page-item-2650\"><a href=\"https:\/\/old.hopndown.com\/de\/boutique\/\">Boutique<\/a><\/li>\n<li class=\"page_item page-item-4507\"><a href=\"https:\/\/old.hopndown.com\/de\/pro-montagne-2024\/\">Catalogue Montagne 2024-2025<\/a><\/li>\n<li class=\"page_item page-item-4528\"><a href=\"https:\/\/old.hopndown.com\/de\/catalogue-paris-2024\/\">Catalogue Paris 2024<\/a><\/li>\n<li class=\"page_item page-item-4527\"><a href=\"https:\/\/old.hopndown.com\/de\/catalogue-phares-2024\/\">Catalogue Phares 2024<\/a><\/li>\n<li class=\"page_item page-item-15\"><a href=\"https:\/\/old.hopndown.com\/de\/contact\/\">ContactContactKontakt<\/a><\/li>\n<li class=\"page_item page-item-2329\"><a href=\"https:\/\/old.hopndown.com\/de\/devenez-distributeur\/\">Devenez distributeurBecome a distributorH\u00e4ndler werden<\/a><\/li>\n<li class=\"page_item page-item-3675\"><a href=\"https:\/\/old.hopndown.com\/de\/nosengagements\/\">#3675 (kein Titel)<\/a><\/li>\n<li class=\"page_item page-item-2311 page_item_has_children\"><a href=\"https:\/\/old.hopndown.com\/de\/les-gammes-hop-n-down\/\">Les gammes Hop &#038; Down&copy;The Hop &#038; Down&copy; rangesDie Hop &#038; Down&copy;-Bereiche<\/a>\n<ul class='children'>\n\t<li class=\"page_item page-item-2319\"><a href=\"https:\/\/old.hopndown.com\/de\/les-gammes-hop-n-down\/golf\/\">Golf<\/a><\/li>\n\t<li class=\"page_item page-item-2315\"><a href=\"https:\/\/old.hopndown.com\/de\/les-gammes-hop-n-down\/montagne\/\">MontagneMountainBerg<\/a><\/li>\n\t<li class=\"page_item page-item-2313\"><a href=\"https:\/\/old.hopndown.com\/de\/les-gammes-hop-n-down\/ocean\/\">Oc\u00e9anOceanOzean<\/a><\/li>\n\t<li class=\"page_item page-item-2348\"><a href=\"https:\/\/old.hopndown.com\/de\/les-gammes-hop-n-down\/phares\/\">PharesLighthousesLeuchtt\u00fcrme<\/a><\/li>\n\t<li class=\"page_item page-item-2317\"><a href=\"https:\/\/old.hopndown.com\/de\/les-gammes-hop-n-down\/urban\/\">Urban<\/a><\/li>\n<\/ul>\n<\/li>\n<li class=\"page_item page-item-3072\"><a href=\"https:\/\/old.hopndown.com\/de\/les-jeux-concours-hopdown\/\">#3072 (kein Titel)<\/a><\/li>\n<li class=\"page_item page-item-4503\"><a href=\"https:\/\/old.hopndown.com\/de\/spots\/\">Les spots<\/a><\/li>\n<li class=\"page_item page-item-28\"><a href=\"https:\/\/old.hopndown.com\/de\/mentions-legales\/\">Mentions l\u00e9galesTermsRechtliche Hinweise<\/a><\/li>\n<li class=\"page_item page-item-2653\"><a href=\"https:\/\/old.hopndown.com\/de\/mon-compte\/\">Mon compte<\/a><\/li>\n<li class=\"page_item page-item-4311 page_item_has_children\"><a href=\"https:\/\/old.hopndown.com\/de\/montagne\/\">Montagne<\/a>\n<ul class='children'>\n\t<li class=\"page_item page-item-4288\"><a href=\"https:\/\/old.hopndown.com\/de\/montagne\/revendeurs\/\">#4288 (kein Titel)<\/a><\/li>\n<\/ul>\n<\/li>\n<li class=\"page_item page-item-2651\"><a href=\"https:\/\/old.hopndown.com\/de\/panier\/\">Panier<\/a><\/li>\n<li class=\"page_item page-item-2390\"><a href=\"https:\/\/old.hopndown.com\/de\/personnalisez-votre-textile-urban\/\">Personnalisez votre textile Urban<\/a><\/li>\n<li class=\"page_item page-item-3819\"><a href=\"https:\/\/old.hopndown.com\/de\/pro-phares-2023\/\">Phares 2023<\/a><\/li>\n<li class=\"page_item page-item-13\"><a href=\"https:\/\/old.hopndown.com\/de\/plan-du-site\/\">Plan du siteSitemapSitemap<\/a><\/li>\n<li class=\"page_item page-item-2327\"><a href=\"https:\/\/old.hopndown.com\/de\/presentation-de-hop-n-down\/\">Pr\u00e9sentation de Hop &#038; Down&copy;Hop &#038; Down&copy; presentationEntdecken Sie Hop &#038; Down&copy;<\/a><\/li>\n<li class=\"page_item page-item-2499\"><a href=\"https:\/\/old.hopndown.com\/de\/pro\/\">Pro<\/a><\/li>\n<li class=\"page_item page-item-3790\"><a href=\"https:\/\/old.hopndown.com\/de\/pro-montagne-2023\/\">Pro Montagne 2023<\/a><\/li>\n<li class=\"page_item page-item-3775\"><a href=\"https:\/\/old.hopndown.com\/de\/meuh\/\">Transforme ton portable en boite a meuh !<\/a><\/li>\n<li class=\"page_item page-item-2804\"><a href=\"https:\/\/old.hopndown.com\/de\/urban-configuration\/\">Urban ConfigurationUrbaUrba<\/a><\/li>\n<li class=\"page_item page-item-2652\"><a href=\"https:\/\/old.hopndown.com\/de\/commande\/\">Validation de la commande<\/a><\/li>\n\n<\/ul>\n<p><\/p>","protected":false},"excerpt":{"rendered":"<p>Cette page vous pr\u00e9sente le plan de ce site Internet. Vous pouvez trouver, ci-dessous, la liste de toutes les pages indispensables pour naviguer convenablement. Pages internes This page presents the map of this website. You can find, below, the list [&hellip;]<\/p>\n","protected":false},"author":1,"featured_media":0,"parent":0,"menu_order":0,"comment_status":"open","ping_status":"open","template":"","meta":{"_acf_changed":false,"footnotes":""},"acf":[],"yoast_head":"<!-- This site is optimized with the Yoast SEO plugin v22.8 - https:\/\/yoast.com\/wordpress\/plugins\/seo\/ -->\n<title>Plan du siteSitemapSitemap - Hop &amp; Down\u00a9<\/title>\n<meta name=\"robots\" content=\"noindex, follow, max-snippet:-1, max-image-preview:large, max-video-preview:-1\" \/>\n<meta property=\"og:locale\" content=\"de_DE\" \/>\n<meta property=\"og:type\" content=\"article\" \/>\n<meta property=\"og:title\" content=\"Plan du siteSitemapSitemap - Hop &amp; Down\u00a9\" \/>\n<meta property=\"og:description\" content=\"Cette page vous pr\u00e9sente le plan de ce site Internet. Vous pouvez trouver, ci-dessous, la liste de toutes les pages indispensables pour naviguer convenablement. Pages internes This page presents the map of this website. You can find, below, the list [&hellip;]\" \/>\n<meta property=\"og:url\" content=\"https:\/\/old.hopndown.com\/de\/plan-du-site\/\" \/>\n<meta property=\"og:site_name\" content=\"Hop &amp; Down\u00a9\" \/>\n<meta property=\"article:modified_time\" content=\"2020-01-26T20:07:09+00:00\" \/>\n<meta name=\"twitter:card\" content=\"summary_large_image\" \/>\n<meta name=\"twitter:label1\" content=\"Gesch\u00e4tzte Lesezeit\" \/>\n\t<meta name=\"twitter:data1\" content=\"1 Minute\" \/>\n<script type=\"application\/ld+json\" class=\"yoast-schema-graph\">{\"@context\":\"https:\/\/schema.org\",\"@graph\":[{\"@type\":\"WebPage\",\"@id\":\"https:\/\/old.hopndown.com\/de\/plan-du-site\/\",\"url\":\"https:\/\/old.hopndown.com\/de\/plan-du-site\/\",\"name\":\"Plan du siteSitemapSitemap - Hop &amp; Down\u00a9\",\"isPartOf\":{\"@id\":\"https:\/\/old.hopndown.com\/de\/#website\"},\"datePublished\":\"2015-04-30T14:03:45+00:00\",\"dateModified\":\"2020-01-26T20:07:09+00:00\",\"breadcrumb\":{\"@id\":\"https:\/\/old.hopndown.com\/de\/plan-du-site\/#breadcrumb\"},\"inLanguage\":\"de-DE\",\"potentialAction\":[{\"@type\":\"ReadAction\",\"target\":[[\"https:\/\/old.hopndown.com\/de\/plan-du-site\/\"]]}]},{\"@type\":\"BreadcrumbList\",\"@id\":\"https:\/\/old.hopndown.com\/de\/plan-du-site\/#breadcrumb\",\"itemListElement\":[{\"@type\":\"ListItem\",\"position\":1,\"name\":\"Startseite\",\"item\":\"https:\/\/old.hopndown.com\/de\/\"},{\"@type\":\"ListItem\",\"position\":2,\"name\":\"Sitemap\"}]},{\"@type\":\"WebSite\",\"@id\":\"https:\/\/old.hopndown.com\/de\/#website\",\"url\":\"https:\/\/old.hopndown.com\/de\/\",\"name\":\"Hop &amp; Down\u00a9\",\"description\":\"Never lost wear you go\",\"potentialAction\":[{\"@type\":\"SearchAction\",\"target\":{\"@type\":\"EntryPoint\",\"urlTemplate\":\"https:\/\/old.hopndown.com\/de\/?s={search_term_string}\"},\"query-input\":\"required name=search_term_string\"}],\"inLanguage\":\"de-DE\"}]}<\/script>\n<!-- \/ Yoast SEO plugin. -->","yoast_head_json":{"title":"Plan du siteSitemapSitemap - Hop &amp; Down\u00a9","robots":{"index":"noindex","follow":"follow","max-snippet":"max-snippet:-1","max-image-preview":"max-image-preview:large","max-video-preview":"max-video-preview:-1"},"og_locale":"de_DE","og_type":"article","og_title":"Plan du siteSitemapSitemap - Hop &amp; Down\u00a9","og_description":"Cette page vous pr\u00e9sente le plan de ce site Internet. Vous pouvez trouver, ci-dessous, la liste de toutes les pages indispensables pour naviguer convenablement. Pages internes This page presents the map of this website. You can find, below, the list [&hellip;]","og_url":"https:\/\/old.hopndown.com\/de\/plan-du-site\/","og_site_name":"Hop &amp; Down\u00a9","article_modified_time":"2020-01-26T20:07:09+00:00","twitter_card":"summary_large_image","twitter_misc":{"Gesch\u00e4tzte Lesezeit":"1 Minute"},"schema":{"@context":"https:\/\/schema.org","@graph":[{"@type":"WebPage","@id":"https:\/\/old.hopndown.com\/de\/plan-du-site\/","url":"https:\/\/old.hopndown.com\/de\/plan-du-site\/","name":"Plan du siteSitemapSitemap - Hop &amp; Down\u00a9","isPartOf":{"@id":"https:\/\/old.hopndown.com\/de\/#website"},"datePublished":"2015-04-30T14:03:45+00:00","dateModified":"2020-01-26T20:07:09+00:00","breadcrumb":{"@id":"https:\/\/old.hopndown.com\/de\/plan-du-site\/#breadcrumb"},"inLanguage":"de-DE","potentialAction":[{"@type":"ReadAction","target":[["https:\/\/old.hopndown.com\/de\/plan-du-site\/"]]}]},{"@type":"BreadcrumbList","@id":"https:\/\/old.hopndown.com\/de\/plan-du-site\/#breadcrumb","itemListElement":[{"@type":"ListItem","position":1,"name":"Startseite","item":"https:\/\/old.hopndown.com\/de\/"},{"@type":"ListItem","position":2,"name":"Sitemap"}]},{"@type":"WebSite","@id":"https:\/\/old.hopndown.com\/de\/#website","url":"https:\/\/old.hopndown.com\/de\/","name":"Hop &amp; Down\u00a9","description":"Never lost wear you go","potentialAction":[{"@type":"SearchAction","target":{"@type":"EntryPoint","urlTemplate":"https:\/\/old.hopndown.com\/de\/?s={search_term_string}"},"query-input":"required name=search_term_string"}],"inLanguage":"de-DE"}]}},"jetpack_sharing_enabled":true,"_links":{"self":[{"href":"https:\/\/old.hopndown.com\/de\/wp-json\/wp\/v2\/pages\/13"}],"collection":[{"href":"https:\/\/old.hopndown.com\/de\/wp-json\/wp\/v2\/pages"}],"about":[{"href":"https:\/\/old.hopndown.com\/de\/wp-json\/wp\/v2\/types\/page"}],"author":[{"embeddable":true,"href":"https:\/\/old.hopndown.com\/de\/wp-json\/wp\/v2\/users\/1"}],"replies":[{"embeddable":true,"href":"https:\/\/old.hopndown.com\/de\/wp-json\/wp\/v2\/comments?post=13"}],"version-history":[{"count":4,"href":"https:\/\/old.hopndown.com\/de\/wp-json\/wp\/v2\/pages\/13\/revisions"}],"predecessor-version":[{"id":2532,"href":"https:\/\/old.hopndown.com\/de\/wp-json\/wp\/v2\/pages\/13\/revisions\/2532"}],"wp:attachment":[{"href":"https:\/\/old.hopndown.com\/de\/wp-json\/wp\/v2\/media?parent=13"}],"curies":[{"name":"wp","href":"https:\/\/api.w.org\/{rel}","templated":true}]}}