{"id":11,"date":"2015-04-30T15:03:39","date_gmt":"2015-04-30T14:03:39","guid":{"rendered":"https:\/\/old.hopndown.com\/?page_id=11"},"modified":"2020-01-26T21:15:39","modified_gmt":"2020-01-26T20:15:39","slug":"accueil","status":"publish","type":"page","link":"https:\/\/old.hopndown.com\/de\/","title":{"rendered":"AccueilHomeZuhause"},"content":{"rendered":"<p style=\"text-align: center;\"><a href=\"https:\/\/old.hopndown.com\">Hop &amp; Down\u00a9<\/a> est une gamme compl\u00e8te de textiles personnalis\u00e9s (et personnalisables) con\u00e7ue, d\u00e9velopp\u00e9e et imprim\u00e9e en France avec amour par <strong><a href=\"https:\/\/www.zanzibar.fr\/\" target=\"_blank\" rel=\"noopener noreferrer\">Zanzibar Production<\/a><\/strong>.<\/p>\n<p style=\"text-align: center;\">Depuis plus de 18 ans, l&#8217;\u00e9quipe de Zanzibar con\u00e7oit la <strong>cr\u00e9ation<\/strong> &amp; <strong>l\u2019impression <\/strong>des collections textiles personnalis\u00e9es de diff\u00e9rentes th\u00e9matiques du quotidien.<\/p>\n<p style=\"text-align: center;\">Pour les gammes <a href=\"http:\/\/www.hopndown.fr\">Hop &amp; Down\u00a9<\/a>, c&#8217;est la localisation qui a \u00e9t\u00e9 choisie. Quelle que soit votre pratique sportive (ski, cyclisme, golf, voile&#8230;), ne soyez jamais perdu, vos v\u00eatements vous guident\u00a0!<\/p>\n<h2 style=\"text-align: center;\">Never lost, wear you go*<\/h2>\n<p style=\"text-align: center;\"><span style=\"font-size: 0.8em;\">*jamais perdu, portez l\u00e0 o\u00f9 vous allez<\/span><\/p>\n<p style=\"text-align: center;\"><a href=\"https:\/\/old.hopndown.com\">Hop &amp; Down\u00a9<\/a> is a full range of personalized (and customizable) textiles designed, developed and printed in France with love by <strong><a href=\"https:\/\/www.zanzibar.fr\/\" target=\"_blank\" rel=\"noopener noreferrer\">Zanzibar Production<\/a><\/strong>.<\/p>\n<p style=\"text-align: center;\">For more than 18 years, the Zanzibar team has designed and created personalized textile collections for different everyday themes.<\/p>\n<p style=\"text-align: center;\">For the <a href=\"http:\/\/www.hopndown.fr\">Hop &amp; Down\u00a9<\/a> ranges, the location has been chosen. Whatever your sport (skiing, cycling, golf, sailing &#8230;), never get lost, your clothes will guide you!<\/p>\n<h2 style=\"text-align: center;\">Never lost, wear you go<\/h2>\n<p><\/p>\n<p style=\"text-align: center;\"><a href=\"https:\/\/old.hopndown.com\">Hop &amp; Down\u00a9<\/a> ist eine vollst\u00e4ndige Palette personalisierter (und anpassbarer) Textilien, die in Frankreich mit Liebe von <strong><a href=\"https:\/\/www.zanzibar.fr\/\" target=\"_blank\" rel=\"noopener noreferrer\">Zanzibar Production<\/a><\/strong> entworfen, entwickelt und gedruckt wurden.<\/p>\n<p style=\"text-align: center;\">Seit mehr als 18 Jahren entwirft und kreiert das Team von Zanzibar personalisierte Textilkollektionen f\u00fcr verschiedene allt\u00e4gliche Themen.<\/p>\n<p style=\"text-align: center;\">F\u00fcr die <a href=\"https:\/\/old.hopndown.com\">Hop &amp; Down\u00a9<\/a> -Reihen wurde der Standort ausgew\u00e4hlt. <span title=\"\">Was auch immer Ihre Sportart ist (Skifahren, Radfahren, Golfen, Segeln &#8230;), verlieren Sie sich nie, Ihre Kleidung wird Sie f\u00fchren!<\/span><\/p>\n<h2 style=\"text-align: center;\">Never lost, wear you go*<\/h2>\n<p style=\"text-align: center;\"><span style=\"font-size: 0.8em;\">* nie verloren, tragen, wohin du gehst<\/span><\/p>\n<p><\/p>","protected":false},"excerpt":{"rendered":"<p>Hop &amp; Down\u00a9 est une gamme compl\u00e8te de textiles personnalis\u00e9s (et personnalisables) con\u00e7ue, d\u00e9velopp\u00e9e et imprim\u00e9e en France avec amour par Zanzibar Production. Depuis plus de 18 ans, l&#8217;\u00e9quipe de Zanzibar con\u00e7oit la cr\u00e9ation &amp; l\u2019impression des collections textiles personnalis\u00e9es [&hellip;]<\/p>\n","protected":false},"author":1,"featured_media":0,"parent":0,"menu_order":0,"comment_status":"open","ping_status":"open","template":"","meta":{"_acf_changed":false,"footnotes":""},"acf":[],"yoast_head":"<!-- This site is optimized with the Yoast SEO plugin v22.8 - https:\/\/yoast.com\/wordpress\/plugins\/seo\/ -->\n<title>Hop &amp; Down, collection textile personnalis\u00e9 avec des plans et cartes<\/title>\n<meta name=\"description\" content=\"D\u00e9couvrez toutes les gammes Hop &amp; Down, textile imprim\u00e9 en France avec des cartes et plans sur mesure : pistes de ski, shom, golf, ville, ...\" \/>\n<meta name=\"robots\" content=\"noindex, follow, max-snippet:-1, max-image-preview:large, max-video-preview:-1\" \/>\n<meta property=\"og:locale\" content=\"de_DE\" \/>\n<meta property=\"og:type\" content=\"article\" \/>\n<meta property=\"og:title\" content=\"Hop &amp; Down, collection textile personnalis\u00e9 avec des plans et cartes\" \/>\n<meta property=\"og:description\" content=\"D\u00e9couvrez toutes les gammes Hop &amp; Down, textile imprim\u00e9 en France avec des cartes et plans sur mesure : pistes de ski, shom, golf, ville, ...\" \/>\n<meta property=\"og:url\" content=\"https:\/\/old.hopndown.com\/de\/\" \/>\n<meta property=\"og:site_name\" content=\"Hop &amp; Down\u00a9\" \/>\n<meta property=\"article:modified_time\" content=\"2020-01-26T20:15:39+00:00\" \/>\n<meta name=\"twitter:card\" content=\"summary_large_image\" \/>\n<meta name=\"twitter:label1\" content=\"Gesch\u00e4tzte Lesezeit\" \/>\n\t<meta name=\"twitter:data1\" content=\"2 Minuten\" \/>\n<script type=\"application\/ld+json\" class=\"yoast-schema-graph\">{\"@context\":\"https:\/\/schema.org\",\"@graph\":[{\"@type\":\"WebPage\",\"@id\":\"https:\/\/old.hopndown.com\/de\/\",\"url\":\"https:\/\/old.hopndown.com\/de\/\",\"name\":\"Hop & Down, collection textile personnalis\u00e9 avec des plans et cartes\",\"isPartOf\":{\"@id\":\"https:\/\/old.hopndown.com\/de\/#website\"},\"datePublished\":\"2015-04-30T14:03:39+00:00\",\"dateModified\":\"2020-01-26T20:15:39+00:00\",\"description\":\"D\u00e9couvrez toutes les gammes Hop & Down, textile imprim\u00e9 en France avec des cartes et plans sur mesure : pistes de ski, shom, golf, ville, ...\",\"breadcrumb\":{\"@id\":\"https:\/\/old.hopndown.com\/de\/#breadcrumb\"},\"inLanguage\":\"de-DE\",\"potentialAction\":[{\"@type\":\"ReadAction\",\"target\":[[\"https:\/\/old.hopndown.com\/de\/\"]]}]},{\"@type\":\"BreadcrumbList\",\"@id\":\"https:\/\/old.hopndown.com\/de\/#breadcrumb\",\"itemListElement\":[{\"@type\":\"ListItem\",\"position\":1,\"name\":\"Startseite\",\"item\":\"https:\/\/old.hopndown.com\/de\/\"},{\"@type\":\"ListItem\",\"position\":2,\"name\":\"Home\"}]},{\"@type\":\"WebSite\",\"@id\":\"https:\/\/old.hopndown.com\/de\/#website\",\"url\":\"https:\/\/old.hopndown.com\/de\/\",\"name\":\"Hop &amp; Down\u00a9\",\"description\":\"Never lost wear you go\",\"potentialAction\":[{\"@type\":\"SearchAction\",\"target\":{\"@type\":\"EntryPoint\",\"urlTemplate\":\"https:\/\/old.hopndown.com\/de\/?s={search_term_string}\"},\"query-input\":\"required name=search_term_string\"}],\"inLanguage\":\"de-DE\"}]}<\/script>\n<!-- \/ Yoast SEO plugin. -->","yoast_head_json":{"title":"Hop & Down, collection textile personnalis\u00e9 avec des plans et cartes","description":"D\u00e9couvrez toutes les gammes Hop & Down, textile imprim\u00e9 en France avec des cartes et plans sur mesure : pistes de ski, shom, golf, ville, ...","robots":{"index":"noindex","follow":"follow","max-snippet":"max-snippet:-1","max-image-preview":"max-image-preview:large","max-video-preview":"max-video-preview:-1"},"og_locale":"de_DE","og_type":"article","og_title":"Hop & Down, collection textile personnalis\u00e9 avec des plans et cartes","og_description":"D\u00e9couvrez toutes les gammes Hop & Down, textile imprim\u00e9 en France avec des cartes et plans sur mesure : pistes de ski, shom, golf, ville, ...","og_url":"https:\/\/old.hopndown.com\/de\/","og_site_name":"Hop &amp; Down\u00a9","article_modified_time":"2020-01-26T20:15:39+00:00","twitter_card":"summary_large_image","twitter_misc":{"Gesch\u00e4tzte Lesezeit":"2 Minuten"},"schema":{"@context":"https:\/\/schema.org","@graph":[{"@type":"WebPage","@id":"https:\/\/old.hopndown.com\/de\/","url":"https:\/\/old.hopndown.com\/de\/","name":"Hop & Down, collection textile personnalis\u00e9 avec des plans et cartes","isPartOf":{"@id":"https:\/\/old.hopndown.com\/de\/#website"},"datePublished":"2015-04-30T14:03:39+00:00","dateModified":"2020-01-26T20:15:39+00:00","description":"D\u00e9couvrez toutes les gammes Hop & Down, textile imprim\u00e9 en France avec des cartes et plans sur mesure : pistes de ski, shom, golf, ville, ...","breadcrumb":{"@id":"https:\/\/old.hopndown.com\/de\/#breadcrumb"},"inLanguage":"de-DE","potentialAction":[{"@type":"ReadAction","target":[["https:\/\/old.hopndown.com\/de\/"]]}]},{"@type":"BreadcrumbList","@id":"https:\/\/old.hopndown.com\/de\/#breadcrumb","itemListElement":[{"@type":"ListItem","position":1,"name":"Startseite","item":"https:\/\/old.hopndown.com\/de\/"},{"@type":"ListItem","position":2,"name":"Home"}]},{"@type":"WebSite","@id":"https:\/\/old.hopndown.com\/de\/#website","url":"https:\/\/old.hopndown.com\/de\/","name":"Hop &amp; Down\u00a9","description":"Never lost wear you go","potentialAction":[{"@type":"SearchAction","target":{"@type":"EntryPoint","urlTemplate":"https:\/\/old.hopndown.com\/de\/?s={search_term_string}"},"query-input":"required name=search_term_string"}],"inLanguage":"de-DE"}]}},"jetpack_sharing_enabled":true,"_links":{"self":[{"href":"https:\/\/old.hopndown.com\/de\/wp-json\/wp\/v2\/pages\/11"}],"collection":[{"href":"https:\/\/old.hopndown.com\/de\/wp-json\/wp\/v2\/pages"}],"about":[{"href":"https:\/\/old.hopndown.com\/de\/wp-json\/wp\/v2\/types\/page"}],"author":[{"embeddable":true,"href":"https:\/\/old.hopndown.com\/de\/wp-json\/wp\/v2\/users\/1"}],"replies":[{"embeddable":true,"href":"https:\/\/old.hopndown.com\/de\/wp-json\/wp\/v2\/comments?post=11"}],"version-history":[{"count":12,"href":"https:\/\/old.hopndown.com\/de\/wp-json\/wp\/v2\/pages\/11\/revisions"}],"predecessor-version":[{"id":2538,"href":"https:\/\/old.hopndown.com\/de\/wp-json\/wp\/v2\/pages\/11\/revisions\/2538"}],"wp:attachment":[{"href":"https:\/\/old.hopndown.com\/de\/wp-json\/wp\/v2\/media?parent=11"}],"curies":[{"name":"wp","href":"https:\/\/api.w.org\/{rel}","templated":true}]}}